{"id":22,"date":"2019-05-14T02:14:42","date_gmt":"2019-05-14T02:14:42","guid":{"rendered":"http:\/\/proyectosur.edu.ar\/proyectosur\/?page_id=22"},"modified":"2022-08-03T09:16:20","modified_gmt":"2022-08-03T12:16:20","slug":"propuesta-educativa","status":"publish","type":"page","link":"https:\/\/proyectosur.edu.ar\/proyectosur\/propuesta-educativa\/","title":{"rendered":"PROPUESTA EDUCATIVA"},"content":{"rendered":"<h3 style=\"text-align: left;\">Creemos que el conocimiento se construye a partir de los saberes previos de los ni\u00f1os y ni\u00f1as, es decir, <strong>cada ni\u00f1o es el protagonista del aprendizaje<\/strong> basado en lo que trae cultural y socialmente.<\/h3>\n<h3 style=\"text-align: left;\">Para lograr estos objetivos contamos, tanto en el jard\u00edn como en la primaria, con un <strong>plantel docente apasionado por el conocimiento<\/strong>, con formaci\u00f3n acad\u00e9mica, con af\u00e1n por la investigaci\u00f3n y con h\u00e1bito lector.<\/h3>\n<h3 style=\"text-align: left;\">En <strong>PROYECTO SUR<\/strong> se vive un clima cordial, afectuoso, en libertad con l\u00edmites claros y con respeto por las normas de convivencia, enmarcando nuestra tarea en la ley de ESI.<\/h3>\n<p><a href=\"https:\/\/proyectosur.edu.ar\/proyectosur\/wp-content\/uploads\/2019\/05\/propuesta-educativa.jpg\"><img loading=\"lazy\" decoding=\"async\" class=\"aligncenter wp-image-67 size-full\" src=\"https:\/\/proyectosur.edu.ar\/proyectosur\/wp-content\/uploads\/2019\/05\/propuesta-educativa.jpg\" alt=\"\" width=\"4791\" height=\"2260\" srcset=\"https:\/\/proyectosur.edu.ar\/proyectosur\/wp-content\/uploads\/2019\/05\/propuesta-educativa.jpg 4791w, https:\/\/proyectosur.edu.ar\/proyectosur\/wp-content\/uploads\/2019\/05\/propuesta-educativa-300x142.jpg 300w, https:\/\/proyectosur.edu.ar\/proyectosur\/wp-content\/uploads\/2019\/05\/propuesta-educativa-768x362.jpg 768w, https:\/\/proyectosur.edu.ar\/proyectosur\/wp-content\/uploads\/2019\/05\/propuesta-educativa-1024x483.jpg 1024w\" sizes=\"auto, (max-width: 4791px) 100vw, 4791px\" \/><\/a><\/p>\n","protected":false},"excerpt":{"rendered":"<p>Creemos que el conocimiento se construye a partir de los saberes previos de los ni\u00f1os y ni\u00f1as, es decir, cada ni\u00f1o es el protagonista del aprendizaje basado en lo que trae cultural y socialmente. Para lograr estos objetivos contamos, tanto en el jard\u00edn como en la primaria, con un plantel docente apasionado por el conocimiento,&#8230; <\/p>\n","protected":false},"author":2,"featured_media":0,"parent":0,"menu_order":0,"comment_status":"closed","ping_status":"closed","template":"full-width.php","meta":{"footnotes":""},"class_list":["post-22","page","type-page","status-publish","hentry"],"_links":{"self":[{"href":"https:\/\/proyectosur.edu.ar\/proyectosur\/wp-json\/wp\/v2\/pages\/22","targetHints":{"allow":["GET"]}}],"collection":[{"href":"https:\/\/proyectosur.edu.ar\/proyectosur\/wp-json\/wp\/v2\/pages"}],"about":[{"href":"https:\/\/proyectosur.edu.ar\/proyectosur\/wp-json\/wp\/v2\/types\/page"}],"author":[{"embeddable":true,"href":"https:\/\/proyectosur.edu.ar\/proyectosur\/wp-json\/wp\/v2\/users\/2"}],"replies":[{"embeddable":true,"href":"https:\/\/proyectosur.edu.ar\/proyectosur\/wp-json\/wp\/v2\/comments?post=22"}],"version-history":[{"count":6,"href":"https:\/\/proyectosur.edu.ar\/proyectosur\/wp-json\/wp\/v2\/pages\/22\/revisions"}],"predecessor-version":[{"id":276,"href":"https:\/\/proyectosur.edu.ar\/proyectosur\/wp-json\/wp\/v2\/pages\/22\/revisions\/276"}],"wp:attachment":[{"href":"https:\/\/proyectosur.edu.ar\/proyectosur\/wp-json\/wp\/v2\/media?parent=22"}],"curies":[{"name":"wp","href":"https:\/\/api.w.org\/{rel}","templated":true}]}}