{"id":34,"date":"2019-05-19T16:35:08","date_gmt":"2019-05-19T16:35:08","guid":{"rendered":"http:\/\/proyectosur.edu.ar\/proyectosur\/?page_id=34"},"modified":"2022-08-03T09:32:17","modified_gmt":"2022-08-03T12:32:17","slug":"historia","status":"publish","type":"page","link":"https:\/\/proyectosur.edu.ar\/proyectosur\/historia\/","title":{"rendered":"HISTORIA"},"content":{"rendered":"<h3>La escuela se genera a partir de la uni\u00f3n de los distintos integrantes de la comunidad educativa: familias, docentes y equipo directivo con la convicci\u00f3n de llevar adelante la siguiente propuesta pedag\u00f3gica: una escuela culturalmente laica en la que los chicos y chicas, acompa\u00f1ados por docentes id\u00f3neos, construyen los conocimientos a partir de comparar, interrogarse, relacionar, anticipar, plantearse hip\u00f3tesis y llegar a conclusiones.<\/h3>\n<h3><a href=\"https:\/\/proyectosur.edu.ar\/proyectosur\/wp-content\/uploads\/2019\/05\/nuestra-historia.jpeg\"><img loading=\"lazy\" decoding=\"async\" class=\"aligncenter wp-image-74\" src=\"https:\/\/proyectosur.edu.ar\/proyectosur\/wp-content\/uploads\/2019\/05\/nuestra-historia-300x225.jpeg\" alt=\"\" width=\"613\" height=\"460\" srcset=\"https:\/\/proyectosur.edu.ar\/proyectosur\/wp-content\/uploads\/2019\/05\/nuestra-historia-300x225.jpeg 300w, https:\/\/proyectosur.edu.ar\/proyectosur\/wp-content\/uploads\/2019\/05\/nuestra-historia-768x576.jpeg 768w, https:\/\/proyectosur.edu.ar\/proyectosur\/wp-content\/uploads\/2019\/05\/nuestra-historia-1024x768.jpeg 1024w, https:\/\/proyectosur.edu.ar\/proyectosur\/wp-content\/uploads\/2019\/05\/nuestra-historia.jpeg 2048w\" sizes=\"auto, (max-width: 613px) 100vw, 613px\" \/><\/a><\/h3>\n<h3>Un lugar donde se desarrolla el pensamiento cr\u00edtico, el compromiso social, el placer por el conocimiento, la creatividad.<\/h3>\n<h3>En <strong>PROYECTO SUR<\/strong> se tienen en cuenta las posibilidades afectivas, sociales, intelectuales y motrices de cada ni\u00f1o y ni\u00f1a respetando el tiempo de cada uno.<\/h3>\n<h3><a href=\"https:\/\/proyectosur.edu.ar\/proyectosur\/wp-content\/uploads\/2019\/05\/nuestra-historia-2.jpg\"><img loading=\"lazy\" decoding=\"async\" class=\"aligncenter wp-image-73\" src=\"https:\/\/proyectosur.edu.ar\/proyectosur\/wp-content\/uploads\/2019\/05\/nuestra-historia-2-300x225.jpg\" alt=\"\" width=\"613\" height=\"460\" srcset=\"https:\/\/proyectosur.edu.ar\/proyectosur\/wp-content\/uploads\/2019\/05\/nuestra-historia-2-300x225.jpg 300w, https:\/\/proyectosur.edu.ar\/proyectosur\/wp-content\/uploads\/2019\/05\/nuestra-historia-2-768x576.jpg 768w, https:\/\/proyectosur.edu.ar\/proyectosur\/wp-content\/uploads\/2019\/05\/nuestra-historia-2-1024x768.jpg 1024w\" sizes=\"auto, (max-width: 613px) 100vw, 613px\" \/><\/a><\/h3>\n<h3><\/h3>\n","protected":false},"excerpt":{"rendered":"<p>La escuela se genera a partir de la uni\u00f3n de los distintos integrantes de la comunidad educativa: familias, docentes y equipo directivo con la convicci\u00f3n de llevar adelante la siguiente propuesta pedag\u00f3gica: una escuela culturalmente laica en la que los chicos y chicas, acompa\u00f1ados por docentes id\u00f3neos, construyen los conocimientos a partir de comparar, interrogarse,&#8230; <\/p>\n","protected":false},"author":2,"featured_media":0,"parent":0,"menu_order":0,"comment_status":"closed","ping_status":"closed","template":"full-width.php","meta":{"footnotes":""},"class_list":["post-34","page","type-page","status-publish","hentry"],"_links":{"self":[{"href":"https:\/\/proyectosur.edu.ar\/proyectosur\/wp-json\/wp\/v2\/pages\/34","targetHints":{"allow":["GET"]}}],"collection":[{"href":"https:\/\/proyectosur.edu.ar\/proyectosur\/wp-json\/wp\/v2\/pages"}],"about":[{"href":"https:\/\/proyectosur.edu.ar\/proyectosur\/wp-json\/wp\/v2\/types\/page"}],"author":[{"embeddable":true,"href":"https:\/\/proyectosur.edu.ar\/proyectosur\/wp-json\/wp\/v2\/users\/2"}],"replies":[{"embeddable":true,"href":"https:\/\/proyectosur.edu.ar\/proyectosur\/wp-json\/wp\/v2\/comments?post=34"}],"version-history":[{"count":6,"href":"https:\/\/proyectosur.edu.ar\/proyectosur\/wp-json\/wp\/v2\/pages\/34\/revisions"}],"predecessor-version":[{"id":288,"href":"https:\/\/proyectosur.edu.ar\/proyectosur\/wp-json\/wp\/v2\/pages\/34\/revisions\/288"}],"wp:attachment":[{"href":"https:\/\/proyectosur.edu.ar\/proyectosur\/wp-json\/wp\/v2\/media?parent=34"}],"curies":[{"name":"wp","href":"https:\/\/api.w.org\/{rel}","templated":true}]}}