{"id":38,"date":"2019-05-19T16:38:20","date_gmt":"2019-05-19T16:38:20","guid":{"rendered":"http:\/\/proyectosur.edu.ar\/proyectosur\/?page_id=38"},"modified":"2023-07-14T17:56:01","modified_gmt":"2023-07-14T20:56:01","slug":"nivel-inicial","status":"publish","type":"page","link":"https:\/\/proyectosur.edu.ar\/proyectosur\/nivel-inicial\/","title":{"rendered":"NIVEL INICIAL"},"content":{"rendered":"<h3>El jard\u00edn de <strong>PROYECTO SUR<\/strong> tiene como objetivo principal crear los espacios propicios para que los ni\u00f1os\/as construyan los aprendizajes en un marco de contenci\u00f3n y cuidado.<br \/>\nEn este proceso, es fundamental lograr una buena adaptaci\u00f3n del ni\u00f1o\/a y su familia al grupo de pertenencia directa y a la instituci\u00f3n, ya que conocerse e identificarse es una buena base para crecer y aprender.<\/h3>\n<h3>El equipo docente y directivo est\u00e1 compuesto por personas con s\u00f3lida formaci\u00f3n acad\u00e9mica que intercambian saberes y experiencias.<br \/>\nLos recorridos de m\u00fasica, ingl\u00e9s y educaci\u00f3n f\u00edsica est\u00e1n a cargo de profesores especialmente capacitados en las \u00e1reas y con amplia experiencia profesional.<br \/>\nLos talleres obligatorios y optativos son dictados por profesionales con formaci\u00f3n espec\u00edfica para cada recorrido.<br \/>\nEn el jard\u00edn, a trav\u00e9s de actividades puntuales que recorren la propuesta educativa institucional, se estimula el placer por la lectura, el juego como lenguaje de comunicaci\u00f3n, expresi\u00f3n y aprendizaje, y los buenos h\u00e1bitos alimenticios.<br \/>\nPor las tardes, se ofrecen talleres obligatorios para las salas de 4 y 5, cuyos contenidos responden a los proyectos institucionales de arte y recreaci\u00f3n. Tambi\u00e9n talleres optativos para todas las salas (experiencias cient\u00edficas, recreaci\u00f3n y lenguajes expresivos). Para los m\u00e1s grandes, dos d\u00edas a la semana se habilita el taller optativo de taekwondo.<\/h3>\n<h2><strong>Breve detalle de la propuesta pedag\u00f3gica<\/strong><\/h2>\n<h3><strong>Sala de 2 a\u00f1os<\/strong><br \/>\nM\u00fasica y educaci\u00f3n f\u00edsica.<br \/>\nTalleres optativos: recreaci\u00f3n y lenguajes expresivos.<\/h3>\n<h3><strong>Sala de 3 a\u00f1os<\/strong><br \/>\nM\u00fasica y educaci\u00f3n f\u00edsica.<br \/>\nTalleres optativos: experiencias cient\u00edficas, recreaci\u00f3n y lenguajes expresivos.<\/h3>\n<h3><strong>Sala de 4 a\u00f1os<\/strong><br \/>\nM\u00fasica, ingl\u00e9s y educaci\u00f3n f\u00edsica.<br \/>\nTaller obligatorio: actividades culturales.<br \/>\nTalleres optativos: experiencias cient\u00edficas, recreaci\u00f3n y lenguajes expresivos.<\/h3>\n<h3><strong>Sala de 5 a\u00f1os\u00a0<\/strong><br \/>\nM\u00fasica, ingl\u00e9s y educaci\u00f3n f\u00edsica.<br \/>\nTalleres obligatorios: actividades culturales y aire libre<br \/>\nTalleres optativos: taekwondo, experiencias cient\u00edficas y lenguajes expresivos<\/h3>\n<h2><strong>Horarios<\/strong><\/h2>\n<h3><strong>Turno ma\u00f1ana<\/strong>\u00a0(actividad de salas)<br \/>\nIngreso: 8.55 hs.<br \/>\nSalida: 12.10 hs (sala de 2), 12.15 hs (salas de 3 y 4), 12.20 hs (sala de 5)<\/h3>\n<h3><strong>Actividad de preturno<\/strong><br \/>\nLunes a viernes de 8.15 a 8.55 hs.<\/h3>\n<h3><strong>Turno tarde<\/strong>\u00a0(talleres obligatorios y optativos)<br \/>\nIngreso: 13.30 hs.<br \/>\nSalida: 16.10 hs<\/h3>\n<p>&nbsp;<\/p>\n","protected":false},"excerpt":{"rendered":"<p>El jard\u00edn de PROYECTO SUR tiene como objetivo principal crear los espacios propicios para que los ni\u00f1os\/as construyan los aprendizajes en un marco de contenci\u00f3n y cuidado. En este proceso, es fundamental lograr una buena adaptaci\u00f3n del ni\u00f1o\/a y su familia al grupo de pertenencia directa y a la instituci\u00f3n, ya que conocerse e identificarse&#8230; <\/p>\n","protected":false},"author":2,"featured_media":0,"parent":0,"menu_order":0,"comment_status":"closed","ping_status":"closed","template":"full-width.php","meta":{"footnotes":""},"class_list":["post-38","page","type-page","status-publish","hentry"],"_links":{"self":[{"href":"https:\/\/proyectosur.edu.ar\/proyectosur\/wp-json\/wp\/v2\/pages\/38","targetHints":{"allow":["GET"]}}],"collection":[{"href":"https:\/\/proyectosur.edu.ar\/proyectosur\/wp-json\/wp\/v2\/pages"}],"about":[{"href":"https:\/\/proyectosur.edu.ar\/proyectosur\/wp-json\/wp\/v2\/types\/page"}],"author":[{"embeddable":true,"href":"https:\/\/proyectosur.edu.ar\/proyectosur\/wp-json\/wp\/v2\/users\/2"}],"replies":[{"embeddable":true,"href":"https:\/\/proyectosur.edu.ar\/proyectosur\/wp-json\/wp\/v2\/comments?post=38"}],"version-history":[{"count":5,"href":"https:\/\/proyectosur.edu.ar\/proyectosur\/wp-json\/wp\/v2\/pages\/38\/revisions"}],"predecessor-version":[{"id":308,"href":"https:\/\/proyectosur.edu.ar\/proyectosur\/wp-json\/wp\/v2\/pages\/38\/revisions\/308"}],"wp:attachment":[{"href":"https:\/\/proyectosur.edu.ar\/proyectosur\/wp-json\/wp\/v2\/media?parent=38"}],"curies":[{"name":"wp","href":"https:\/\/api.w.org\/{rel}","templated":true}]}}