{"id":46,"date":"2019-05-19T16:41:58","date_gmt":"2019-05-19T16:41:58","guid":{"rendered":"http:\/\/proyectosur.edu.ar\/proyectosur\/?page_id=46"},"modified":"2022-08-03T09:21:18","modified_gmt":"2022-08-03T12:21:18","slug":"talleres-obligatorios","status":"publish","type":"page","link":"https:\/\/proyectosur.edu.ar\/proyectosur\/talleres-obligatorios\/","title":{"rendered":"TALLERES OBLIGATORIOS"},"content":{"rendered":"<h3><strong>INGL\u00c9S<\/strong><\/h3>\n<h3>Contamos con una importante carga horaria que nos permite expandir y variar los\u00a0recursos \u00e1ulicos a fin de motivar e integrar a nuestros alumnos y de propiciar el uso\u00a0significativo del idioma.<br \/>\nA partir de 4to grado, nuestros chicos reciben entrenamiento para rendir, opcionalmente,\u00a0los ex\u00e1menes internacionales YLE (Young Learners English Tests) de la Universidad de\u00a0Cambridge.<\/h3>\n<h3><strong>TALLER DE AIRE LIBRE<\/strong><\/h3>\n<h3>A trav\u00e9s del abordaje de los contenidos de la educaci\u00f3n f\u00edsica y ambiental, en el taller de Aire Libre, se estimula en los\/as ni\u00f1os\/as el desarrollo de su motricidad, para que encuentren formas propias de movimiento y descubran posibilidades de juego en diferentes \u00e1mbitos.<br \/>\nEn esta relaci\u00f3n directa entre el cuerpo y el espacio , buscamos tambi\u00e9n, que los participantes puedan tomar contacto v\u00edvido con las particularidades y el cuidado del medio ambiente, a trav\u00e9s del lenguaje l\u00fadico.<\/h3>\n<p>[foogallery id=\u00bb112&#8243;]<\/p>\n<p>&nbsp;<\/p>\n<h3><strong>TALLER DE ARTES COMBINADAS<\/strong><\/h3>\n<h3>Enmarcado en el proyecto institucional de\u00a0<em>Arte en la escuela<\/em>, este espacio propone a los chicos de primer y segundo a\u00f1o desarrollar su creatividad y expresarse a trav\u00e9s de la pl\u00e1stica y la m\u00fasica en propuestas tanto individuales como grupales.<br \/>\nEn el taller de Artes Combinadas se generan encuentros compartidos con profesionales y artistas, salidas did\u00e1cticas acordes a los ejes de trabajo que se est\u00e1n desarrollando y muestras de arte para compartir con las familias y dem\u00e1s integrantes de la comunidad.<\/h3>\n<p>[foogallery id=\u00bb118&#8243;]<\/p>\n<h3><\/h3>\n<h3><strong>TALLER DE ACTIVIDADES CULTURALES<\/strong><\/h3>\n<h3>(Salas de 4 y 5 a\u00f1os)<br \/>\nEl presente taller forma parte del proyecto institucional \u201cEl arte en la escuela\u201d.<br \/>\nEn este espacio, generamos situaciones que permitan a los chicos acercarse al patrimonio cultural, conect\u00e1ndose con su entorno a partir de una mirada curiosa y sensible.<br \/>\nPrivilegiamos propuestas de car\u00e1cter exploratorio y l\u00fadico, que integren de manera natural el mundo de la representaci\u00f3n con la incorporaci\u00f3n de nuevos conocimientos.<br \/>\nLos contenidos est\u00e1n pensados para un recorrido de dos a\u00f1os de participaci\u00f3n, y organizados en ejes que abordan diferentes lenguajes expresivos.<\/h3>\n<p>[foogallery id=\u00bb123&#8243;]<\/p>\n","protected":false},"excerpt":{"rendered":"<p>INGL\u00c9S Contamos con una importante carga horaria que nos permite expandir y variar los\u00a0recursos \u00e1ulicos a fin de motivar e integrar a nuestros alumnos y de propiciar el uso\u00a0significativo del idioma. A partir de 4to grado, nuestros chicos reciben entrenamiento para rendir, opcionalmente,\u00a0los ex\u00e1menes internacionales YLE (Young Learners English Tests) de la Universidad de\u00a0Cambridge. TALLER&#8230; <\/p>\n","protected":false},"author":2,"featured_media":0,"parent":0,"menu_order":0,"comment_status":"closed","ping_status":"closed","template":"full-width.php","meta":{"footnotes":""},"class_list":["post-46","page","type-page","status-publish","hentry"],"_links":{"self":[{"href":"https:\/\/proyectosur.edu.ar\/proyectosur\/wp-json\/wp\/v2\/pages\/46","targetHints":{"allow":["GET"]}}],"collection":[{"href":"https:\/\/proyectosur.edu.ar\/proyectosur\/wp-json\/wp\/v2\/pages"}],"about":[{"href":"https:\/\/proyectosur.edu.ar\/proyectosur\/wp-json\/wp\/v2\/types\/page"}],"author":[{"embeddable":true,"href":"https:\/\/proyectosur.edu.ar\/proyectosur\/wp-json\/wp\/v2\/users\/2"}],"replies":[{"embeddable":true,"href":"https:\/\/proyectosur.edu.ar\/proyectosur\/wp-json\/wp\/v2\/comments?post=46"}],"version-history":[{"count":8,"href":"https:\/\/proyectosur.edu.ar\/proyectosur\/wp-json\/wp\/v2\/pages\/46\/revisions"}],"predecessor-version":[{"id":280,"href":"https:\/\/proyectosur.edu.ar\/proyectosur\/wp-json\/wp\/v2\/pages\/46\/revisions\/280"}],"wp:attachment":[{"href":"https:\/\/proyectosur.edu.ar\/proyectosur\/wp-json\/wp\/v2\/media?parent=46"}],"curies":[{"name":"wp","href":"https:\/\/api.w.org\/{rel}","templated":true}]}}