{"id":48,"date":"2019-05-19T16:44:14","date_gmt":"2019-05-19T16:44:14","guid":{"rendered":"http:\/\/proyectosur.edu.ar\/proyectosur\/?page_id=48"},"modified":"2023-07-06T16:57:10","modified_gmt":"2023-07-06T19:57:10","slug":"talleres-optativos","status":"publish","type":"page","link":"https:\/\/proyectosur.edu.ar\/proyectosur\/talleres-optativos\/","title":{"rendered":"TALLERES OPTATIVOS"},"content":{"rendered":"<h3><strong>TALLER DE TAEKWONDO<\/strong><\/h3>\n<h6>(Optativo desde Sala de 5 a\u00f1os y primaria)<\/h6>\n<p style=\"font-weight: 400;\">El taekwondo es un arte marcial de origen coreano fundado en 1955.\u00a0Se apoya en sus 6 preceptos fundamentales que son: integridad, lealtad, autocontrol, perseverancia, respeto y disciplina. Sin dejar de lado los aspectos cient\u00edficos de las ciencias exactas para mejorar sus aspectos t\u00e9cnicos como tambi\u00e9n de las ciencias sociales para su mayor comprensi\u00f3n y llegada a todo el p\u00fablico en general.<\/p>\n<p style=\"font-weight: 400;\">Se presenta en la escuela para la formaci\u00f3n tanto f\u00edsica como mental para los\/as chicos\/as, intentando mejorar sus cualidades f\u00edsicas como la fuerza, la resistencia, la velocidad, la flexibilidad, con m\u00e9todos que estimulen su concentraci\u00f3n, el equilibrio y su coordinaci\u00f3n general.<\/p>\n<p style=\"font-weight: 400;\">La pr\u00e1ctica cotidiana est\u00e1 dividida en 7 etapas: ejercicios f\u00edsicos provenientes de la educaci\u00f3n f\u00edsica, movimientos b\u00e1sicos de defensas y ataques tanto del tren superior como del inferior, coreograf\u00edas predeterminadas de ataques y defensas (formas), trabajos de defensa personas cuerpo a cuerpo, combate deportivo reglamentado, demostraci\u00f3n de la potencia (rotura de tablas) y conocimientos te\u00f3ricos. De esta forma, el taekwondo en la escuela intenta colaborar con la formaci\u00f3n de los chicos y las chicas, transmitiendo sus principios, mejorando sus capacidades f\u00edsicas, aumentado su autoestima y la sensaci\u00f3n de seguridad en s\u00ed mismos\/as.<\/p>\n<p style=\"font-weight: 400;\"><strong>La actividad se desarrolla los d\u00edas lunes de 13.30 a 16.10 \/16.20 hs.<\/strong><\/p>\n<hr \/>\n<h3><\/h3>\n<h3><strong>TALLER DE EXPERIENCIAS CIENT\u00cdFICAS<\/strong><\/h3>\n<h6>(Optativo para salas de 3, 4 y 5 a\u00f1os)<\/h6>\n<p style=\"font-weight: 400;\">El presente taller surge del deseo de enriquecer nuestras tardes con propuestas que permitan el acercamiento de los\/as chicos\/as a diferentes campos de conocimiento. Creemos que estimular el esp\u00edritu investigador y el deseo de aprender, acompa\u00f1\u00e1ndolos\/as en los procesos de construcci\u00f3n de sus aprendizajes, les permitir\u00e1 crecer integralmente y adquirir herramientas intelectuales, motrices y sociales.<br \/>\nLos contenidos que gu\u00edan las propuestas de experimentaci\u00f3n, se recortan de las \u00e1reas de conocimiento del mundo y matem\u00e1tica.<\/p>\n<p style=\"font-weight: 400;\"><strong>La actividad se desarrolla los d\u00edas martes de 13.30 hs. a 16.10 hs.<\/strong><\/p>\n<hr \/>\n<h3><\/h3>\n<h3><strong>TALLER DE RECREACI\u00d3N<\/strong><\/h3>\n<h6>(Optativo para salas de 2, 3, y 4 a\u00f1os)<\/h6>\n<p style=\"font-weight: 400;\">Es una propuesta que brinda a los\/as chicos\/as un espacio para la creatividad y\u00a0 la imaginaci\u00f3n. Buscamos crear un espacio en el que a trav\u00e9s del juego y la expresi\u00f3n puedan disfrutar del encuentro grupal.\u00a0Este taller habilita el desarrollo de propuestas l\u00fadicas a partir de diferentes situaciones (juegos motores, cuentos y poes\u00edas, m\u00fasicas) y objetos presentados (t\u00edteres, materiales de sala blanda, telas de diferentes texturas, bloques, etc.)<\/p>\n<p style=\"font-weight: 400;\"><strong>El taller se desarrolla los d\u00edas jueves, de 13.30 hs a 16.10 hs.<\/strong><\/p>\n<hr \/>\n<h3><\/h3>\n<h3><strong>TALLER DE LENGUAJES EXPRESIVOS<\/strong><\/h3>\n<h6>(Optativo para salas de 2, 3, 4, 5 a\u00f1os y 1er ciclo de primaria)<\/h6>\n<p style=\"font-weight: 400;\">Los diferentes tipos de lenguajes permiten a los\/as chicos\/as\u00a0comunicarse con los\/as otros\/as y expresar su mundo interno.\u00a0El taller se nutre de elementos del baile murguero, diferentes disciplinas circenses, del teatro, de la literatura, de la percusi\u00f3n (y m\u00fasica en general) y de la pl\u00e1stica descubriendo el gusto y el disfrute de los lenguajes expresivos presentados.\u00a0El grupo transita por diferentes etapas de la tarea: de organizaci\u00f3n, de debate, de creaci\u00f3n, de desarrollo y ensayos, y por \u00faltimo, la socializaci\u00f3n de sus producciones.<\/p>\n<p style=\"font-weight: 400;\"><strong>El taller se desarrolla los viernes de 13.30 hs. a 16.10\/16.20 hs<\/strong><\/p>\n<p>&nbsp;<\/p>\n<hr \/>\n<h3><\/h3>\n<h5><b>\u2192\u00a0<\/b>La inscripci\u00f3n es anual, los talleres se abren con un m\u00ednimo de 10 participantes.<\/h5>\n","protected":false},"excerpt":{"rendered":"<p>TALLER DE TAEKWONDO (Optativo desde Sala de 5 a\u00f1os y primaria) El taekwondo es un arte marcial de origen coreano fundado en 1955.\u00a0Se apoya en sus 6 preceptos fundamentales que son: integridad, lealtad, autocontrol, perseverancia, respeto y disciplina. Sin dejar de lado los aspectos cient\u00edficos de las ciencias exactas para mejorar sus aspectos t\u00e9cnicos como&#8230; <\/p>\n","protected":false},"author":2,"featured_media":0,"parent":0,"menu_order":0,"comment_status":"closed","ping_status":"closed","template":"full-width.php","meta":{"footnotes":""},"class_list":["post-48","page","type-page","status-publish","hentry"],"_links":{"self":[{"href":"https:\/\/proyectosur.edu.ar\/proyectosur\/wp-json\/wp\/v2\/pages\/48","targetHints":{"allow":["GET"]}}],"collection":[{"href":"https:\/\/proyectosur.edu.ar\/proyectosur\/wp-json\/wp\/v2\/pages"}],"about":[{"href":"https:\/\/proyectosur.edu.ar\/proyectosur\/wp-json\/wp\/v2\/types\/page"}],"author":[{"embeddable":true,"href":"https:\/\/proyectosur.edu.ar\/proyectosur\/wp-json\/wp\/v2\/users\/2"}],"replies":[{"embeddable":true,"href":"https:\/\/proyectosur.edu.ar\/proyectosur\/wp-json\/wp\/v2\/comments?post=48"}],"version-history":[{"count":20,"href":"https:\/\/proyectosur.edu.ar\/proyectosur\/wp-json\/wp\/v2\/pages\/48\/revisions"}],"predecessor-version":[{"id":305,"href":"https:\/\/proyectosur.edu.ar\/proyectosur\/wp-json\/wp\/v2\/pages\/48\/revisions\/305"}],"wp:attachment":[{"href":"https:\/\/proyectosur.edu.ar\/proyectosur\/wp-json\/wp\/v2\/media?parent=48"}],"curies":[{"name":"wp","href":"https:\/\/api.w.org\/{rel}","templated":true}]}}